{"id":8084,"date":"2021-05-25T10:34:17","date_gmt":"2021-05-25T13:34:17","guid":{"rendered":"https:\/\/www.agroestilo.com.br\/site\/?page_id=8084"},"modified":"2025-10-25T13:49:10","modified_gmt":"2025-10-25T16:49:10","slug":"politica-de-privacidade","status":"publish","type":"page","link":"https:\/\/www.agroestilopulverizadores.com.br\/site\/politica-de-privacidade\/","title":{"rendered":"Pol\u00edtica de Privacidade"},"content":{"rendered":"<div class=\"flex_column av_one_full  flex_column_div av-zero-column-padding first  \" style='border-radius:0px; '><p><div style='height:50px' class='hr hr-invisible '><span class='hr-inner ' ><span class='hr-inner-style'><\/span><\/span><\/div><br \/>\n<section class=\"av_textblock_section\"  itemscope=\"itemscope\" itemtype=\"https:\/\/schema.org\/CreativeWork\" ><div class='avia_textblock  av_inherit_color'  style='color:#ff6a16; '  itemprop=\"text\" ><h1 style=\"text-align: center;\">Pol\u00edtica de Privacidade<\/h1>\n<\/div><\/section><br \/>\n<section class=\"av_textblock_section\"  itemscope=\"itemscope\" itemtype=\"https:\/\/schema.org\/CreativeWork\" ><div class='avia_textblock '   itemprop=\"text\" ><p>Esta Pol\u00edtica de Cookies foi atualizada pela \u00faltima vez em 01 de abril de 2021 e aplica-se aos cidad\u00e3os do Brasil de acordo com a Lei Geral de Prote\u00e7\u00e3o de Dados (Lei n\u00ba 13.709\/2018) e pa\u00edses que possuem leis sobre prote\u00e7\u00e3o de dados. A LGPD estabelece regras sobre coleta, armazenamento e compartilhamento de dados pessoais, atribuindo mais prote\u00e7\u00e3o aos titulares de tais dados.<\/p>\n<p><strong>Introdu\u00e7\u00e3o<\/strong><\/p>\n<p>Nosso site, https:\/\/www.agroestilo.com.br (doravante: \u201co site\u201d) usa cookies e outras tecnologias relacionadas (por conveni\u00eancia, todas as tecnologias s\u00e3o chamadas de \u201ccookies\u201d). No documento abaixo informamos sobre o uso de cookies em nosso site.<\/p>\n<p><strong>O que s\u00e3o cookies<\/strong><\/p>\n<p>Cookies s\u00e3o arquivos-texto gerados pelo site e transferidos para seu computador, sendo armazenados pelos Navegadores como Google Chromem, Firefox, Internet Explorer, etc. Em geral, os Cookies s\u00e3o utilizados para uma otimiza\u00e7\u00e3o de sua experi\u00eancia de navega\u00e7\u00e3o junto ao nosso site, quando permitido pelo n\u00edvel de seguran\u00e7a configurado por voc\u00ea junto ao seu navegador. Sempre que o seu navegador estiver assim configurado, utilizaremos cookies conforme explicado.<\/p>\n<p>Os cookies utilizados no site t\u00eam como finalidade identificar as tend\u00eancias de navega\u00e7\u00e3o do usu\u00e1rio, buscando aprimorar e personalizar seus acessos futuros, tais como, p\u00e1ginas navegadas ou links clicados. Quaisquer dos cookies utilizados n\u00e3o s\u00e3o usados para executar programas ou infectar seu computador com v\u00edrus ou programas maliciosos.<\/p>\n<p>Ao acessar este site pela primeira vez, voc\u00ea foi informado atrav\u00e9s de um aviso em popup referente a pr\u00e1tica de cookies. Mesmo quando seu programa de navega\u00e7\u00e3o estiver configurado para permitir a instala\u00e7\u00e3o de cookies, mas voc\u00ea desejar remov\u00ea-los ou impedir o armazenamento de novos cookies, pode faz\u00ea-lo imediatamente e sem qualquer impedimento, desativando este recurso em seu navegador e excluindo todos os eventuais cookies j\u00e1 implementados.<\/p>\n<p>Desta forma, recomendamos que voc\u00ea configure seu programa de navega\u00e7\u00e3o no n\u00edvel de seguran\u00e7a desejado antes de navegar em nosso site, em todos os computadores e dispositivos que deseje utilizar.<\/p>\n<p><strong>Seus direitos em rela\u00e7\u00e3o aos dados pessoais<\/strong><\/p>\n<p>Voc\u00ea tem os seguintes direitos em rela\u00e7\u00e3o aos seus dados pessoais: Voc\u00ea tem o direito de saber por que seus dados pessoais s\u00e3o necess\u00e1rios, o que acontecer\u00e1 com eles e por quanto tempo ser\u00e3o retidos. Direito de acesso: voc\u00ea tem o direito de acessar dados pessoais coletamos pelos sites. Direito \u00e0 retifica\u00e7\u00e3o: voc\u00ea tem o direito de complementar, corrigir, excluir ou bloquear seus dados pessoais sempre que desejar. Se nos der o seu consentimento para processar os seus dados, tem o direito de revogar esse consentimento e de ter os seus dados pessoais eliminados. Direito de transfer\u00eancia de seus dados: voc\u00ea tem o direito de solicitar todos os seus dados pessoais ao respons\u00e1vel pelo tratamento e transferi-los integralmente para outro respons\u00e1vel. Direito de contestar: voc\u00ea pode se opor ao processamento de seus dados. Cumprimos isso, a menos que haja motivos justificados para o processamento.<\/p>\n<p>Para exercer esses direitos, entre em contato conosco. Consulte os detalhes de contato na parte inferior desta Pol\u00edtica de Cookies. Se voc\u00ea tiver uma reclama\u00e7\u00e3o sobre como lidamos com seus dados, gostar\u00edamos de ouvi-lo, mas voc\u00ea tamb\u00e9m tem o direito de apresentar uma reclama\u00e7\u00e3o \u00e0 autoridade de que supervisiona a prote\u00e7\u00e3o de dados.<\/p>\n<p><strong>Como usamos os Cookies<\/strong><\/p>\n<p>Os cookies utilizados em nosso site atendem aos requisitos legais e s\u00e3o enquadrados nas seguintes categorias:<\/p>\n<p>\u2013 COOKIES FUNCIONAIS<br \/>\n\u2013 COOKIES ESTRITAMENTE NECESS\u00c1RIOS<br \/>\n\u2013 COOKIES DE DESEMPENHO<br \/>\n\u2013 COOKIES DE SEGMENTA\u00c7\u00c3O<\/p>\n<p>Cookies Funcionais: Os Cookies Funcionais s\u00e3o usados para fornecer servi\u00e7os ou para lembrar defini\u00e7\u00f5es de navega\u00e7\u00f5es de forma a melhorar sua visita.<\/p>\n<p>Para o que n\u00f3s os usamos: Lembrar eventualmente das configura\u00e7\u00f5es que voc\u00ea aplicou, como idioma, layout, tamanho do texto, prefer\u00eancias e cores.<\/p>\n<p>Cookies Estritamente Necess\u00e1rios: S\u00e3o aqueles cookies que permitem a voc\u00ea navegar pelo site e usar recursos essenciais, como formul\u00e1rios ou \u00e1reas seguras, por exemplo. Esses cookies n\u00e3o guardam quaisquer informa\u00e7\u00f5es sobre voc\u00ea que possam ser usadas em a\u00e7\u00f5es de comunica\u00e7\u00e3o de produto ou servi\u00e7o ou para lembrar as p\u00e1ginas navegadas no site.<\/p>\n<p>Para o que n\u00f3s os usamos: Identific\u00e1-lo como um usu\u00e1rio conectado. Lembrar de informa\u00e7\u00f5es que voc\u00ea digitou previamente em eventuais formul\u00e1rios de contato. Certificar-se de que voc\u00ea se conecta ao servi\u00e7o correto em nosso site quando fizermos alguma mudan\u00e7a na forma como ele funciona.<\/p>\n<p>Cookies de Desempenho: Os cookies de \u201cDesempenho\u201d coletam informa\u00e7\u00f5es sobre como voc\u00ea usa o nosso website, por exemplo, quais p\u00e1ginas voc\u00ea visita, se elas possuem erros, erros em formul\u00e1rios e etc. Esses cookies n\u00e3o coletam quaisquer informa\u00e7\u00f5es que possam identific\u00e1-lo. Toda a informa\u00e7\u00e3o coletada \u00e9 realizada de forma codificada, an\u00f4nima e somente usada para ajudar a melhorar a forma como o nosso site funciona, entender o que interessa aos nossos usu\u00e1rios e medir a efic\u00e1cia da nossa comunica\u00e7\u00e3o.<\/p>\n<p>Para o que n\u00f3s os usamos: Fornecer estat\u00edsticas sobre como nosso site \u00e9 utilizado. Verificar a efici\u00eancia da nossa comunica\u00e7\u00e3o, n\u00e3o nos utilizando dessa informa\u00e7\u00e3o para direcionamento de an\u00fancios quando em visita a outros sites. Ajudar na melhoria de nosso site pela medi\u00e7\u00e3o de erros que eventualmente possam ocorrer. Realizar melhorias e aperfei\u00e7oamentos em nosso site decorrentes do comportamento de navega\u00e7\u00e3o de nossos usu\u00e1rios.<\/p>\n<p>Cookies de Segmenta\u00e7\u00e3o: Os Cookies de Segmenta\u00e7\u00e3o est\u00e3o ligados aos servi\u00e7os prestados por terceiros, tais como, por exemplo, feed de m\u00eddias sociais, bot\u00f5es de \u201cLike\u201d e bot\u00f5es de \u201cCompartilhar\u201d contidos em outros sites que n\u00e3o o nosso site. O terceiro fornece esses servi\u00e7os por reconhecer que voc\u00ea visitou nosso site, mas de maneira nenhuma se confunde com o nosso site.<\/p>\n<p>Para o que n\u00f3s os usamos: Para conectar-se as m\u00eddias sociais, que, por serem terceiros e pelos quais n\u00e3o termos controle, poder\u00e3o, posteriormente, utilizar as informa\u00e7\u00f5es sobre a sua visita para direcionar publicidade de seu interesse para voc\u00ea em outros sites. Em rela\u00e7\u00e3o aos Cookies de Segmenta\u00e7\u00e3o, voc\u00ea pode controlar se ser\u00e3o usados ou n\u00e3o (vide t\u00f3pico abaixo \u201cComo Desativar os Cookies\u201d), mas seu bloqueio pode nos impedir de oferecer alguns servi\u00e7os ou prejudicar a boa navega\u00e7\u00e3o junto ao nosso site.<\/p>\n<p><strong>Como desativar os cookies<\/strong><\/p>\n<p>Normalmente as configura\u00e7\u00f5es para desativar os cookies est\u00e3o presentes nas \u201cOp\u00e7\u00f5es\u201d ou o menu \u201cPrefer\u00eancias\u201d do seu navegador. Para saber melhor consulte as op\u00e7\u00f5es de ajuda de seu navegador.<\/p>\n<p>Os cookies praticados pelo site s\u00e3o seguros e necess\u00e1rios a boa utiliza\u00e7\u00e3o das ferramentas e op\u00e7\u00f5es oferecidas pelo site. Caso voc\u00ea opte por n\u00e3o aceita-los e\/ou execut\u00e1-los eventualmente o comportamento de algumas destas ferramentas e alguns dos dispositivos oferecidos poder\u00e3o ter suas fun\u00e7\u00f5es comprometidas durante a sua visita.<\/p>\n<p><strong>Recomenda\u00e7\u00f5es finais<\/strong><\/p>\n<p>\u00c9 importante que os Usu\u00e1rios internautas verifiquem os termos de Uso de Cookies de todos os sites nos quais eventualmente navegue, buscando informar-se sempre de que formas coletar\u00e3o e tratar\u00e3o as suas informa\u00e7\u00f5es.<\/p>\n<p><strong>Contato<\/strong><\/p>\n<p>Para outras quest\u00f5es ou coment\u00e1rios sobre essa pol\u00edtica utilize as informa\u00e7\u00f5es abaixo para contato:<\/p>\n<p>(17) 99244-5158<\/p>\n<\/div><\/section><\/p><\/div>\n","protected":false},"excerpt":{"rendered":"","protected":false},"author":1,"featured_media":0,"parent":0,"menu_order":0,"comment_status":"closed","ping_status":"closed","template":"","meta":{"_joinchat":[],"footnotes":""},"class_list":["post-8084","page","type-page","status-publish","hentry"],"_links":{"self":[{"href":"https:\/\/www.agroestilopulverizadores.com.br\/site\/wp-json\/wp\/v2\/pages\/8084","targetHints":{"allow":["GET"]}}],"collection":[{"href":"https:\/\/www.agroestilopulverizadores.com.br\/site\/wp-json\/wp\/v2\/pages"}],"about":[{"href":"https:\/\/www.agroestilopulverizadores.com.br\/site\/wp-json\/wp\/v2\/types\/page"}],"author":[{"embeddable":true,"href":"https:\/\/www.agroestilopulverizadores.com.br\/site\/wp-json\/wp\/v2\/users\/1"}],"replies":[{"embeddable":true,"href":"https:\/\/www.agroestilopulverizadores.com.br\/site\/wp-json\/wp\/v2\/comments?post=8084"}],"version-history":[{"count":1,"href":"https:\/\/www.agroestilopulverizadores.com.br\/site\/wp-json\/wp\/v2\/pages\/8084\/revisions"}],"predecessor-version":[{"id":8547,"href":"https:\/\/www.agroestilopulverizadores.com.br\/site\/wp-json\/wp\/v2\/pages\/8084\/revisions\/8547"}],"wp:attachment":[{"href":"https:\/\/www.agroestilopulverizadores.com.br\/site\/wp-json\/wp\/v2\/media?parent=8084"}],"curies":[{"name":"wp","href":"https:\/\/api.w.org\/{rel}","templated":true}]}}