{"id":4482,"date":"2017-08-22T14:25:23","date_gmt":"2017-08-22T17:25:23","guid":{"rendered":"https:\/\/www.agroestilo.com.br\/site\/?page_id=4482"},"modified":"2026-02-01T16:14:29","modified_gmt":"2026-02-01T19:14:29","slug":"videos","status":"publish","type":"page","link":"https:\/\/www.agroestilopulverizadores.com.br\/site\/videos\/","title":{"rendered":"V\u00eddeos"},"content":{"rendered":"<div class=\"flex_column av_one_full  flex_column_div av-zero-column-padding first  \" style='border-radius:0px; '><p><div style='height:50px' class='hr hr-invisible '><span class='hr-inner ' ><span class='hr-inner-style'><\/span><\/span><\/div><br \/>\n<section class=\"av_textblock_section\"  itemscope=\"itemscope\" itemtype=\"https:\/\/schema.org\/CreativeWork\" ><div class='avia_textblock  av_inherit_color'  style='color:#ff6a16; '  itemprop=\"text\" ><h1 style=\"text-align: center;\">V\u00eddeos<\/h1>\n<\/div><\/section><br \/>\n<section class=\"av_textblock_section\"  itemscope=\"itemscope\" itemtype=\"https:\/\/schema.org\/CreativeWork\" ><div class='avia_textblock '   itemprop=\"text\" ><p>Esta p\u00e1gina contem v\u00eddeos recentemente postados pela AGRO Estilo, fique atento frequentemente novos v\u00eddeos s\u00e3o inseridos nesta p\u00e1gina.<\/p>\n<div class='avia-iframe-wrap'><iframe loading=\"lazy\" title=\"? AGRO ESTILO \u2014 A MAIOR LINHA DE PULVERIZADORES, RO\u00c7ADEIRAS E GRADES DO BRASIL, COM O MELHOR PRE\u00c7O\" width=\"563\" height=\"1000\" src=\"https:\/\/www.youtube.com\/embed\/3cXlw9ljUhI?feature=oembed\" frameborder=\"0\" allow=\"accelerometer; autoplay; clipboard-write; encrypted-media; gyroscope; picture-in-picture; web-share\" referrerpolicy=\"strict-origin-when-cross-origin\" allowfullscreen><\/iframe><\/div>\n<div class='avia-iframe-wrap'><iframe loading=\"lazy\" title=\"Regulagem Pulverizador Pecu\u00e1rio 600 Litros para Pastagem  Agro Estilo\" width=\"1500\" height=\"844\" src=\"https:\/\/www.youtube.com\/embed\/_iD3WLiGvOY?feature=oembed\" frameborder=\"0\" allow=\"accelerometer; autoplay; clipboard-write; encrypted-media; gyroscope; picture-in-picture; web-share\" referrerpolicy=\"strict-origin-when-cross-origin\" allowfullscreen><\/iframe><\/div>\n<div class='avia-iframe-wrap'><iframe loading=\"lazy\" title=\"Jat\u00e3o com Duto Prolongador Agro Estilo \u2013 Alcance de 35m e Bomba JP 75\" width=\"1500\" height=\"844\" src=\"https:\/\/www.youtube.com\/embed\/Bv_AhwIUQCU?feature=oembed\" frameborder=\"0\" allow=\"accelerometer; autoplay; clipboard-write; encrypted-media; gyroscope; picture-in-picture; web-share\" referrerpolicy=\"strict-origin-when-cross-origin\" allowfullscreen><\/iframe><\/div>\n<div class='avia-iframe-wrap'><iframe loading=\"lazy\" title=\"\u00daLTIMAS UNIDADES! Pulverizador PEC 2000L Agro Estilo \u2013 Pot\u00eancia M\u00e1xima para Pastagem e Pecu\u00e1ria\" width=\"1500\" height=\"844\" src=\"https:\/\/www.youtube.com\/embed\/RlObSM-HD_w?feature=oembed\" frameborder=\"0\" allow=\"accelerometer; autoplay; clipboard-write; encrypted-media; gyroscope; picture-in-picture; web-share\" referrerpolicy=\"strict-origin-when-cross-origin\" allowfullscreen><\/iframe><\/div>\n<div class='avia-iframe-wrap'><iframe loading=\"lazy\" title=\"Do medo \u00e0 satisfa\u00e7\u00e3o total no campo Pulverizador 400 litros Pastagem Pecu\u00e1ria ?\" width=\"563\" height=\"1000\" src=\"https:\/\/www.youtube.com\/embed\/DtlRzpfrtIY?feature=oembed\" frameborder=\"0\" allow=\"accelerometer; autoplay; clipboard-write; encrypted-media; gyroscope; picture-in-picture; web-share\" referrerpolicy=\"strict-origin-when-cross-origin\" allowfullscreen><\/iframe><\/div>\n<div class='avia-iframe-wrap'><iframe loading=\"lazy\" title=\"Atomizador 250 Litros H\u00e9lice 530 mm Agro Estilo Pot\u00eancia e Alcance para Fruticultura\" width=\"563\" height=\"1000\" src=\"https:\/\/www.youtube.com\/embed\/qSXJRhJETbo?feature=oembed\" frameborder=\"0\" allow=\"accelerometer; autoplay; clipboard-write; encrypted-media; gyroscope; picture-in-picture; web-share\" referrerpolicy=\"strict-origin-when-cross-origin\" allowfullscreen><\/iframe><\/div>\n<\/div><\/section><\/p><\/div><div class=\"flex_column av_one_full  flex_column_div av-zero-column-padding first  \" style='border-radius:0px; '><\/div><\/p>\n","protected":false},"excerpt":{"rendered":"","protected":false},"author":1,"featured_media":0,"parent":0,"menu_order":0,"comment_status":"closed","ping_status":"closed","template":"","meta":{"_joinchat":[],"footnotes":""},"class_list":["post-4482","page","type-page","status-publish","hentry"],"_links":{"self":[{"href":"https:\/\/www.agroestilopulverizadores.com.br\/site\/wp-json\/wp\/v2\/pages\/4482","targetHints":{"allow":["GET"]}}],"collection":[{"href":"https:\/\/www.agroestilopulverizadores.com.br\/site\/wp-json\/wp\/v2\/pages"}],"about":[{"href":"https:\/\/www.agroestilopulverizadores.com.br\/site\/wp-json\/wp\/v2\/types\/page"}],"author":[{"embeddable":true,"href":"https:\/\/www.agroestilopulverizadores.com.br\/site\/wp-json\/wp\/v2\/users\/1"}],"replies":[{"embeddable":true,"href":"https:\/\/www.agroestilopulverizadores.com.br\/site\/wp-json\/wp\/v2\/comments?post=4482"}],"version-history":[{"count":6,"href":"https:\/\/www.agroestilopulverizadores.com.br\/site\/wp-json\/wp\/v2\/pages\/4482\/revisions"}],"predecessor-version":[{"id":8654,"href":"https:\/\/www.agroestilopulverizadores.com.br\/site\/wp-json\/wp\/v2\/pages\/4482\/revisions\/8654"}],"wp:attachment":[{"href":"https:\/\/www.agroestilopulverizadores.com.br\/site\/wp-json\/wp\/v2\/media?parent=4482"}],"curies":[{"name":"wp","href":"https:\/\/api.w.org\/{rel}","templated":true}]}}