{"id":4171,"date":"2017-07-29T09:08:00","date_gmt":"2017-07-29T12:08:00","guid":{"rendered":"https:\/\/www.agroestilo.com.br\/site\/?page_id=4171"},"modified":"2026-02-01T16:44:41","modified_gmt":"2026-02-01T19:44:41","slug":"empresa","status":"publish","type":"page","link":"https:\/\/www.agroestilopulverizadores.com.br\/site\/empresa\/","title":{"rendered":"Empresa"},"content":{"rendered":"<div class=\"flex_column av_one_full  flex_column_div av-zero-column-padding first  \" style='border-radius:0px; '><p><div style='height:50px' class='hr hr-invisible '><span class='hr-inner ' ><span class='hr-inner-style'><\/span><\/span><\/div><br \/>\n<section class=\"av_textblock_section\"  itemscope=\"itemscope\" itemtype=\"https:\/\/schema.org\/CreativeWork\" ><div class='avia_textblock  av_inherit_color'  style='color:#ff6a16; '  itemprop=\"text\" ><h1 style=\"text-align: center;\">Empresa<\/h1>\n<\/div><\/section><br \/>\n<section class=\"av_textblock_section\"  itemscope=\"itemscope\" itemtype=\"https:\/\/schema.org\/CreativeWork\" ><div class='avia_textblock '   itemprop=\"text\" ><p>A\u00a0<b>AgroEstilo<\/b>\u00a0\u00e9 uma empresa 100% brasileira, com o objetivo de produzir m\u00e1quinas e equipamentos de alta qualidade e baixo custo para a agricultura.<\/p>\n<p>Nossas principais linhas de produtos s\u00e3o os atomizadores de seringueira e pulverizadores para uva, caf\u00e9, soja, milho, algod\u00e3o e tomate, entre muitas outras culturas, que s\u00e3o distribu\u00eddos para todo o territ\u00f3rio nacional.<\/p>\n<p>Anos de pesquisa nos proporcionaram um aperfei\u00e7oamento cont\u00ednuo de toda a nossa linha de produtos agr\u00edcolas, adequando-se \u00e0s necessidades de cada produtor e promovendo a melhor qualidade e aproveitamento de sua cultura.<\/p>\n<p>A\u00a0<b>AgroEstilo<\/b>\u00a0trabalha junto com o produtor para solucionar desafios, melhorar a produtividade, a qualidade e o desenvolvimento de suas lavouras. \u00c9 seguindo essa filosofia que a\u00a0<b>AgroEstilo<\/b> est\u00e1 h\u00e1 25 anos no mercado, com excelentes produtos para o amigo do campo.<\/p>\n<\/div><\/section><\/p><\/div>\n<div class='avia-image-container  av-styling-   avia-align-center '  itemscope=\"itemscope\" itemtype=\"https:\/\/schema.org\/ImageObject\"  ><div class='avia-image-container-inner'><img class='avia_image ' src='https:\/\/www.agroestilopulverizadores.com.br\/site\/wp-content\/uploads\/2026\/02\/Agro-Estilo-3-500x335.jpg' alt='' title='Agro Estilo 3'   itemprop=\"thumbnailUrl\"  \/><\/div><\/div>\n<div  class='avia-video avia-video-16-9 avia-video-html5 '  itemprop=\"video\" itemtype=\"https:\/\/schema.org\/VideoObject\" ><video class=\"avia_video\"  controls id=\"player_4171_1156106282_832005374\" >\t<source src=\"https:\/\/www.agroestilo.com.br\/site\/wp-content\/uploads\/2026\/02\/1.mp4\" type=\"video\/mp4\" \/><\/video><\/div>\n","protected":false},"excerpt":{"rendered":"","protected":false},"author":1,"featured_media":0,"parent":0,"menu_order":0,"comment_status":"closed","ping_status":"closed","template":"","meta":{"_joinchat":[],"footnotes":""},"class_list":["post-4171","page","type-page","status-publish","hentry"],"_links":{"self":[{"href":"https:\/\/www.agroestilopulverizadores.com.br\/site\/wp-json\/wp\/v2\/pages\/4171","targetHints":{"allow":["GET"]}}],"collection":[{"href":"https:\/\/www.agroestilopulverizadores.com.br\/site\/wp-json\/wp\/v2\/pages"}],"about":[{"href":"https:\/\/www.agroestilopulverizadores.com.br\/site\/wp-json\/wp\/v2\/types\/page"}],"author":[{"embeddable":true,"href":"https:\/\/www.agroestilopulverizadores.com.br\/site\/wp-json\/wp\/v2\/users\/1"}],"replies":[{"embeddable":true,"href":"https:\/\/www.agroestilopulverizadores.com.br\/site\/wp-json\/wp\/v2\/comments?post=4171"}],"version-history":[{"count":6,"href":"https:\/\/www.agroestilopulverizadores.com.br\/site\/wp-json\/wp\/v2\/pages\/4171\/revisions"}],"predecessor-version":[{"id":8679,"href":"https:\/\/www.agroestilopulverizadores.com.br\/site\/wp-json\/wp\/v2\/pages\/4171\/revisions\/8679"}],"wp:attachment":[{"href":"https:\/\/www.agroestilopulverizadores.com.br\/site\/wp-json\/wp\/v2\/media?parent=4171"}],"curies":[{"name":"wp","href":"https:\/\/api.w.org\/{rel}","templated":true}]}}