{"id":3021,"date":"2017-05-24T09:54:36","date_gmt":"2017-05-24T12:54:36","guid":{"rendered":"https:\/\/www.agroestilo.com.br\/site\/?page_id=3021"},"modified":"2026-02-01T16:27:07","modified_gmt":"2026-02-01T19:27:07","slug":"home","status":"publish","type":"page","link":"https:\/\/www.agroestilopulverizadores.com.br\/site\/","title":{"rendered":"Home"},"content":{"rendered":"<div id='layer_slider_1' class='avia-layerslider main_color avia-shadow  container_wrap fullsize'    style='height: 571px;' ><\/div>\n<\/div><\/div><\/div><!-- close content main div --><\/div><\/div><div id='box_border_yellow' class='avia-section main_color avia-section-no-padding avia-no-shadow avia-bg-style-scroll  container_wrap fullsize'   ><div class='container' ><div class='template-page content  av-content-full alpha units'><div class='post-entry post-entry-type-page post-entry-3021'><div class='entry-content-wrapper clearfix'>\n<div class=\"flex_column av_one_full  flex_column_div av-zero-column-padding first  \" style='border-radius:0px; '><section class=\"avia_codeblock_section avia_code_block_0\"  itemscope=\"itemscope\" itemtype=\"https:\/\/schema.org\/CreativeWork\" ><div class='avia_codeblock '  itemprop=\"text\" > [avia_codeblock_placeholder uid=\"0\"] <\/div><\/section><\/div><div class=\"flex_column av_one_fourth  flex_column_div av-zero-column-padding first  \" style='border-radius:0px; '><p><div class='avia-image-container  av-styling- av-hover-grow  avia-align-center '  itemscope=\"itemscope\" itemtype=\"https:\/\/schema.org\/ImageObject\"  ><div class='avia-image-container-inner'><a href='https:\/\/www.agroestilopulverizadores.com.br\/site\/categoria\/atomizador-fruticultura\/' class='avia_image'  ><img class='avia_image ' src='https:\/\/www.agroestilopulverizadores.com.br\/site\/wp-content\/uploads\/2025\/11\/atomizador.webp' alt='' title='atomizador'  itemprop=\"thumbnailUrl\"  \/><\/a><\/div><\/div><br \/>\n<section class=\"av_textblock_section\"  itemscope=\"itemscope\" itemtype=\"https:\/\/schema.org\/CreativeWork\" ><div class='avia_textblock '   itemprop=\"text\" ><h4 style=\"text-align: center;\"><a href=\"https:\/\/www.agroestilo.com.br\/site\/categoria\/atomizador-fruticultura\/\"><strong>ATOMIZADORES FRUTICULTURA<\/strong><\/a><\/h4>\n<\/div><\/section><\/p><\/div><div class=\"flex_column av_one_fourth  flex_column_div av-zero-column-padding   \" style='border-radius:0px; '><p><div class='avia-image-container  av-styling- av-hover-grow  avia-align-center '  itemscope=\"itemscope\" itemtype=\"https:\/\/schema.org\/ImageObject\"  ><div class='avia-image-container-inner'><a href='https:\/\/www.agroestilopulverizadores.com.br\/site\/categoria\/atomizador-jatao\/' class='avia_image'  ><img class='avia_image ' src='https:\/\/www.agroestilopulverizadores.com.br\/site\/wp-content\/uploads\/2025\/11\/1-2-500x500.jpg' alt='' title='1'  itemprop=\"thumbnailUrl\"  \/><\/a><\/div><\/div><br \/>\n<section class=\"av_textblock_section\"  itemscope=\"itemscope\" itemtype=\"https:\/\/schema.org\/CreativeWork\" ><div class='avia_textblock '   itemprop=\"text\" ><h4 style=\"text-align: center;\"><a href=\"https:\/\/www.agroestilo.com.br\/site\/categoria\/atomizador-jatao\/\"><strong>ATOMIZADORES JAT\u00c3O<\/strong><\/a><\/h4>\n<\/div><\/section><\/p><\/div><div class=\"flex_column av_one_fourth  flex_column_div av-zero-column-padding   \" style='border-radius:0px; '><p><div class='avia-image-container  av-styling- av-hover-grow  avia-align-center '  itemscope=\"itemscope\" itemtype=\"https:\/\/schema.org\/ImageObject\"  ><div class='avia-image-container-inner'><a href='https:\/\/www.agroestilopulverizadores.com.br\/site\/categoria\/pulverizadores-barras-manuais\/' class='avia_image'  ><img class='avia_image ' src='https:\/\/www.agroestilopulverizadores.com.br\/site\/wp-content\/uploads\/2025\/11\/1-12-313x500.jpg' alt='' title='1'  itemprop=\"thumbnailUrl\"  \/><\/a><\/div><\/div><br \/>\n<section class=\"av_textblock_section\"  itemscope=\"itemscope\" itemtype=\"https:\/\/schema.org\/CreativeWork\" ><div class='avia_textblock '   itemprop=\"text\" ><h4 style=\"text-align: center;\"><a href=\"https:\/\/www.agroestilo.com.br\/site\/categoria\/pulverizadores-barras-manuais\/\"><strong>PULVERIZADORES BARRAS MANUAIS<\/strong><\/a><\/h4>\n<\/div><\/section><\/p><\/div><div class=\"flex_column av_one_fourth  flex_column_div av-zero-column-padding   \" style='border-radius:0px; '><p><div class='avia-image-container  av-styling- av-hover-grow  avia-align-center '  itemscope=\"itemscope\" itemtype=\"https:\/\/schema.org\/ImageObject\"  ><div class='avia-image-container-inner'><a href='https:\/\/www.agroestilopulverizadores.com.br\/site\/categoria\/pulverizadores-hidraulicos\/' class='avia_image'  ><img class='avia_image ' src='https:\/\/www.agroestilopulverizadores.com.br\/site\/wp-content\/uploads\/2025\/11\/pulverizador.webp' alt='' title='pulverizador'  itemprop=\"thumbnailUrl\"  \/><\/a><\/div><\/div><br \/>\n<section class=\"av_textblock_section\"  itemscope=\"itemscope\" itemtype=\"https:\/\/schema.org\/CreativeWork\" ><div class='avia_textblock '   itemprop=\"text\" ><h4 style=\"text-align: center;\"><a href=\"https:\/\/www.agroestilo.com.br\/site\/categoria\/pulverizadores-hidraulicos\/\"><strong>PULVERIZADORES HIDRAULICOS<\/strong><\/a><\/h4>\n<\/div><\/section><\/p><\/div><div class=\"flex_column av_one_fourth  flex_column_div av-zero-column-padding first  \" style='border-radius:0px; '><p><div class='avia-image-container  av-styling- av-hover-grow  avia-align-center '  itemscope=\"itemscope\" itemtype=\"https:\/\/schema.org\/ImageObject\"  ><div class='avia-image-container-inner'><a href='https:\/\/www.agroestilopulverizadores.com.br\/site\/categoria\/pulverizadores-pastagem\/' class='avia_image'  ><img class='avia_image ' src='https:\/\/www.agroestilopulverizadores.com.br\/site\/wp-content\/uploads\/2025\/11\/pulverizador.webp' alt='' title='pulverizador'  itemprop=\"thumbnailUrl\"  \/><\/a><\/div><\/div><br \/>\n<section class=\"av_textblock_section\"  itemscope=\"itemscope\" itemtype=\"https:\/\/schema.org\/CreativeWork\" ><div class='avia_textblock '   itemprop=\"text\" ><h4 style=\"text-align: center;\"><a href=\"https:\/\/www.agroestilo.com.br\/site\/categoria\/pulverizadores-pastagem\/\"><strong>PULVERIZADORES PASTAGEM<\/strong><\/a><\/h4>\n<\/div><\/section><\/p><\/div><div class=\"flex_column av_one_fourth  flex_column_div av-zero-column-padding   \" style='border-radius:0px; '><p><div class='avia-image-container  av-styling- av-hover-grow  avia-align-center '  itemscope=\"itemscope\" itemtype=\"https:\/\/schema.org\/ImageObject\"  ><div class='avia-image-container-inner'><a href='https:\/\/www.agroestilopulverizadores.com.br\/site\/categoria\/pulverizadores-de-barras-herbicida\/' class='avia_image'  ><img class='avia_image ' src='https:\/\/www.agroestilopulverizadores.com.br\/site\/wp-content\/uploads\/2025\/11\/20251029_103403-282x500.jpg' alt='' title='20251029_103403'  itemprop=\"thumbnailUrl\"  \/><\/a><\/div><\/div><br \/>\n<section class=\"av_textblock_section\"  itemscope=\"itemscope\" itemtype=\"https:\/\/schema.org\/CreativeWork\" ><div class='avia_textblock '   itemprop=\"text\" ><h4 style=\"text-align: center;\"><a href=\"https:\/\/www.agroestilo.com.br\/site\/categoria\/pulverizadores-de-barras-herbicida\/\"><strong>PULVERIZADORES DE BARRAS HERBICIDA<\/strong><\/a><\/h4>\n<\/div><\/section><\/p><\/div><div class=\"flex_column av_one_fourth  flex_column_div av-zero-column-padding   \" style='border-radius:0px; '><p><div class='avia-image-container  av-styling- av-hover-grow  avia-align-center '  itemscope=\"itemscope\" itemtype=\"https:\/\/schema.org\/ImageObject\"  ><div class='avia-image-container-inner'><a href='https:\/\/www.agroestilopulverizadores.com.br\/site\/categoria\/rocadeiras\/' class='avia_image'  ><img class='avia_image ' src='https:\/\/www.agroestilopulverizadores.com.br\/site\/wp-content\/uploads\/2025\/11\/rocadeira.webp' alt='' title='rocadeira'  itemprop=\"thumbnailUrl\"  \/><\/a><\/div><\/div><br \/>\n<section class=\"av_textblock_section\"  itemscope=\"itemscope\" itemtype=\"https:\/\/schema.org\/CreativeWork\" ><div class='avia_textblock '   itemprop=\"text\" ><h4 style=\"text-align: center;\"><a href=\"https:\/\/www.agroestilo.com.br\/site\/categoria\/rocadeiras\/\"><strong>RO\u00c7ADEIRAS<\/strong><\/a><\/h4>\n<\/div><\/section><\/p><\/div><div class=\"flex_column av_one_fourth  flex_column_div av-zero-column-padding   \" style='border-radius:0px; '><p><div class='avia-image-container  av-styling- av-hover-grow  avia-align-center '  itemscope=\"itemscope\" itemtype=\"https:\/\/schema.org\/ImageObject\"  ><div class='avia-image-container-inner'><a href='https:\/\/www.agroestilopulverizadores.com.br\/site\/categoria\/adubadeira\/' class='avia_image'  ><img class='avia_image ' src='https:\/\/www.agroestilopulverizadores.com.br\/site\/wp-content\/uploads\/2025\/11\/adubadeira.webp' alt='' title='adubadeira'  itemprop=\"thumbnailUrl\"  \/><\/a><\/div><\/div><br \/>\n<section class=\"av_textblock_section\"  itemscope=\"itemscope\" itemtype=\"https:\/\/schema.org\/CreativeWork\" ><div class='avia_textblock '   itemprop=\"text\" ><h4 style=\"text-align: center;\"><a href=\"https:\/\/www.agroestilo.com.br\/site\/categoria\/adubadeira\/\"><strong>ADUBADEIRAS<\/strong><\/a><\/h4>\n<\/div><\/section><\/p><\/div><\/div><\/div><\/div><!-- close content main div --><\/div><\/div><div id='box_border_yellow' class='avia-section main_color avia-section-default avia-no-shadow avia-bg-style-scroll  container_wrap fullsize'   ><div class='container' ><div class='template-page content  av-content-full alpha units'><div class='post-entry post-entry-type-page post-entry-3021'><div class='entry-content-wrapper clearfix'>\n<div class=\"flex_column av_one_full  flex_column_div av-zero-column-padding first  \" style='border-radius:0px; '><section class=\"avia_codeblock_section avia_code_block_1\"  itemscope=\"itemscope\" itemtype=\"https:\/\/schema.org\/CreativeWork\" ><div class='avia_codeblock '  itemprop=\"text\" > [avia_codeblock_placeholder uid=\"1\"] <\/div><\/section><br \/>\n<section class=\"av_textblock_section\"  itemscope=\"itemscope\" itemtype=\"https:\/\/schema.org\/CreativeWork\" ><div class='avia_textblock '   itemprop=\"text\" ><p>A <b>AgroEstilo<\/b> \u00e9 uma empresa 100% brasileira, com o objetivo de produzir m\u00e1quinas e equipamentos de alta qualidade e baixo custo para a agricultura.<\/p>\n<p>Nossas principais linhas de produtos s\u00e3o os atomizadores de seringueira e pulverizadores para uva, caf\u00e9, soja, milho, algod\u00e3o e tomate, entre muitas outras culturas, que s\u00e3o distribu\u00eddos para todo o territ\u00f3rio nacional.<\/p>\n<p>Anos de pesquisa nos proporcionaram um aperfei\u00e7oamento cont\u00ednuo de toda a nossa linha de produtos agr\u00edcolas, adequando-se \u00e0s necessidades de cada produtor e promovendo a melhor qualidade e aproveitamento de sua cultura.<\/p>\n<p>A <b>AgroEstilo<\/b> trabalha junto com o produtor para solucionar desafios, melhorar a produtividade, a qualidade e o desenvolvimento de suas lavouras. \u00c9 seguindo essa filosofia que a <b>AgroEstilo<\/b> est\u00e1 h\u00e1 25 anos no mercado, com excelentes produtos para o amigo do campo.<\/p>\n<\/div><\/section><br \/>\n<div style='height:30px' class='hr hr-invisible '><span class='hr-inner ' ><span class='hr-inner-style'><\/span><\/span><\/div><br \/>\n<section class=\"avia_codeblock_section avia_code_block_2\"  itemscope=\"itemscope\" itemtype=\"https:\/\/schema.org\/CreativeWork\" ><div class='avia_codeblock '  itemprop=\"text\" > [avia_codeblock_placeholder uid=\"2\"] <\/div><\/section><br \/>\n<div  class='avia-video avia-video-16-9 avia-video-html5 '  itemprop=\"video\" itemtype=\"https:\/\/schema.org\/VideoObject\" ><video class=\"avia_video\"  controls id=\"player_3021_607695039_53168795\" >\t<source src=\"https:\/\/www.agroestilo.com.br\/site\/wp-content\/uploads\/2026\/02\/?-VENDA-DIRETA-AGRO-ESTILO-?Temos-toda-a-linha-de-Pulverizadores-desde-modelos-para-pecuaria.mp4\" type=\"video\/mp4\" \/><\/video><\/div><\/p><\/div><\/div><\/div><\/div><!-- close content main div --><\/div><\/div><div id='box_border_yellow' class='avia-section main_color avia-section-no-padding avia-no-shadow avia-bg-style-scroll  container_wrap fullsize'   ><div class='container' ><div class='template-page content  av-content-full alpha units'><div class='post-entry post-entry-type-page post-entry-3021'><div class='entry-content-wrapper clearfix'>\n<div class=\"flex_column av_one_half  flex_column_div av-zero-column-padding first  \" style='border-radius:0px; '><p><div class='avia-image-container avia_animated_image avia_animate_when_almost_visible pop-up av-styling-   avia-align-center '  itemscope=\"itemscope\" itemtype=\"https:\/\/schema.org\/ImageObject\"  ><div class='avia-image-container-inner'><img class='avia_image ' src='https:\/\/www.agroestilopulverizadores.com.br\/site\/wp-content\/uploads\/2025\/10\/contato.png' alt='' title='contato'   itemprop=\"thumbnailUrl\"  \/><\/div><\/div><br \/>\n<section class=\"av_textblock_section\"  itemscope=\"itemscope\" itemtype=\"https:\/\/schema.org\/CreativeWork\" ><div class='avia_textblock  av_inherit_color'  style='color:#ff6a16; '  itemprop=\"text\" ><h2 style=\"text-align: center;\"><strong>D\u00favidas?<\/strong><\/h2>\n<\/div><\/section><br \/>\n<section class=\"av_textblock_section\"  itemscope=\"itemscope\" itemtype=\"https:\/\/schema.org\/CreativeWork\" ><div class='avia_textblock  av_inherit_color'   itemprop=\"text\" ><p style=\"text-align: center;\">Tenha um atendimento exclusivo<br \/>\nvia chat com um de nossos atendentes.<\/p>\n<\/div><\/section><br \/>\n<div class='avia-button-wrap avia-button-center '><a href='https:\/\/www.agroestilopulverizadores.com.br\/site\/contato\/' class='avia-button  avia-icon_select-no avia-color-custom avia-size-medium avia-position-center '  style='background-color:#ff6a16; border-color:#ff6a16; color:#ffffff; ' ><span class='avia_iconbox_title' >Clique aqui<\/span><\/a><\/div><\/p><\/div><div class=\"flex_column av_one_half  flex_column_div av-zero-column-padding   \" style='border-radius:0px; '><p><div class='avia-image-container avia_animated_image avia_animate_when_almost_visible pop-up av-styling-   avia-align-center '  itemscope=\"itemscope\" itemtype=\"https:\/\/schema.org\/ImageObject\"  ><div class='avia-image-container-inner'><img class='avia_image ' src='https:\/\/www.agroestilopulverizadores.com.br\/site\/wp-content\/uploads\/2025\/10\/social.png' alt='' title='social'   itemprop=\"thumbnailUrl\"  \/><\/div><\/div><br \/>\n<section class=\"av_textblock_section\"  itemscope=\"itemscope\" itemtype=\"https:\/\/schema.org\/CreativeWork\" ><div class='avia_textblock  av_inherit_color'  style='color:#ff6a16; '  itemprop=\"text\" ><h2 style=\"text-align: center;\"><strong>Redes Sociais<\/strong><\/h2>\n<\/div><\/section><br \/>\n<section class=\"av_textblock_section\"  itemscope=\"itemscope\" itemtype=\"https:\/\/schema.org\/CreativeWork\" ><div class='avia_textblock  av_inherit_color'   itemprop=\"text\" ><p style=\"text-align: center;\">Fa\u00e7a parte de nossas redes sociais<br \/>\ne fique por dentro de todas as novidades!<\/p>\n<\/div><\/section><br \/>\n<section class=\"avia_codeblock_section avia_code_block_3\"  itemscope=\"itemscope\" itemtype=\"https:\/\/schema.org\/CreativeWork\" ><div class='avia_codeblock '  itemprop=\"text\" > [avia_codeblock_placeholder uid=\"3\"] <\/div><\/section><\/p><\/div>\n<\/p>\n\n","protected":false},"excerpt":{"rendered":"","protected":false},"author":1,"featured_media":0,"parent":0,"menu_order":0,"comment_status":"closed","ping_status":"closed","template":"","meta":{"_joinchat":[],"footnotes":""},"class_list":["post-3021","page","type-page","status-publish","hentry"],"_links":{"self":[{"href":"https:\/\/www.agroestilopulverizadores.com.br\/site\/wp-json\/wp\/v2\/pages\/3021","targetHints":{"allow":["GET"]}}],"collection":[{"href":"https:\/\/www.agroestilopulverizadores.com.br\/site\/wp-json\/wp\/v2\/pages"}],"about":[{"href":"https:\/\/www.agroestilopulverizadores.com.br\/site\/wp-json\/wp\/v2\/types\/page"}],"author":[{"embeddable":true,"href":"https:\/\/www.agroestilopulverizadores.com.br\/site\/wp-json\/wp\/v2\/users\/1"}],"replies":[{"embeddable":true,"href":"https:\/\/www.agroestilopulverizadores.com.br\/site\/wp-json\/wp\/v2\/comments?post=3021"}],"version-history":[{"count":4,"href":"https:\/\/www.agroestilopulverizadores.com.br\/site\/wp-json\/wp\/v2\/pages\/3021\/revisions"}],"predecessor-version":[{"id":8664,"href":"https:\/\/www.agroestilopulverizadores.com.br\/site\/wp-json\/wp\/v2\/pages\/3021\/revisions\/8664"}],"wp:attachment":[{"href":"https:\/\/www.agroestilopulverizadores.com.br\/site\/wp-json\/wp\/v2\/media?parent=3021"}],"curies":[{"name":"wp","href":"https:\/\/api.w.org\/{rel}","templated":true}]}}